{"id":237530,"date":"2020-11-24T15:15:15","date_gmt":"2020-11-24T15:15:15","guid":{"rendered":"http:\/\/thestory.mywhc.ca\/\/blogue\/"},"modified":"2021-08-01T05:54:29","modified_gmt":"2021-08-01T05:54:29","slug":"blogue-old","status":"publish","type":"page","link":"https:\/\/thestorytelleragency.ca\/fr\/blogue-old\/","title":{"rendered":"Blogue-old"},"content":{"rendered":"<p>[et_pb_section fb_built=\u00a0\u00bb1&Prime; module_class=\u00a0\u00bbjane_medium_gradinent_background\u00a0\u00bb _builder_version=\u00a0\u00bb4.3.4&Prime; background_color=\u00a0\u00bb#ffffff\u00a0\u00bb use_background_color_gradient=\u00a0\u00bbon\u00a0\u00bb background_color_gradient_start=\u00a0\u00bb#ffffff\u00a0\u00bb background_color_gradient_end=\u00a0\u00bb#e0d2c8&Prime; background_color_gradient_start_position=\u00a0\u00bb51%\u00a0\u00bb background_color_gradient_end_position=\u00a0\u00bb51%\u00a0\u00bb custom_margin=\u00a0\u00bb||||false|false\u00a0\u00bb][et_pb_row column_structure=\u00a0\u00bb1_3,1_3,1_3&Prime; use_custom_gutter=\u00a0\u00bbon\u00a0\u00bb gutter_width=\u00a0\u00bb2&Prime; make_equal=\u00a0\u00bbon\u00a0\u00bb _builder_version=\u00a0\u00bb4.3.4&Prime; custom_margin=\u00a0\u00bb||2%||false|false\u00a0\u00bb custom_css_main_element=\u00a0\u00bbalign-items: center;||margin: auto;\u00a0\u00bb][et_pb_column type=\u00a0\u00bb1_3&Prime; _builder_version=\u00a0\u00bb4.3.2&Prime; border_color_all=\u00a0\u00bb#9a7536&Prime;][et_pb_image src=\u00a0\u00bbhttp:\/\/thestory.mywhc.ca\/\/wp-content\/uploads\/2020\/11\/branding-strategy.jpg\u00a0\u00bb title_text=\u00a0\u00bbStrat\u00e9gie de marque\u00a0\u00bb disabled_on=\u00a0\u00bbon|on|off\u00a0\u00bb _builder_version=\u00a0\u00bb4.6.5&Prime; custom_margin=\u00a0\u00bb40px|-40px|40px|40px|false|false\u00a0\u00bb custom_margin_tablet=\u00a0\u00bb0px|0px|0px|0px|false|false\u00a0\u00bb custom_margin_phone=\u00a0\u00bb\u00a0\u00bb custom_margin_last_edited=\u00a0\u00bbon|tablet\u00a0\u00bb][\/et_pb_image][\/et_pb_column][et_pb_column type=\u00a0\u00bb1_3&Prime; _builder_version=\u00a0\u00bb4.3.2&Prime; custom_padding=\u00a0\u00bb||||false|false\u00a0\u00bb border_color_all=\u00a0\u00bb#9a7536&Prime;][et_pb_image src=\u00a0\u00bbhttp:\/\/thestory.mywhc.ca\/\/wp-content\/uploads\/2020\/10\/Gen_Gazaille_May_2018_Photo-52-of-86.jpg\u00a0\u00bb title_text=\u00a0\u00bbGen_Gazaille_May_2018_Photo (52 of 86)\u00a0\u00bb _builder_version=\u00a0\u00bb4.6.5&Prime; custom_margin=\u00a0\u00bb-30px|-40px|-41px|-60px|false|false\u00a0\u00bb custom_margin_tablet=\u00a0\u00bb0px|0px|0px|0px|false|false\u00a0\u00bb custom_margin_phone=\u00a0\u00bb\u00a0\u00bb custom_margin_last_edited=\u00a0\u00bbon|tablet\u00a0\u00bb custom_css_main_element=\u00a0\u00bbtransform: rotate(5deg);\u00a0\u00bb border_width_all=\u00a0\u00bb20px\u00a0\u00bb border_color_all=\u00a0\u00bb#ffffff\u00a0\u00bb][\/et_pb_image][\/et_pb_column][et_pb_column type=\u00a0\u00bb1_3&Prime; module_class=\u00a0\u00bbjane_border\u00a0\u00bb _builder_version=\u00a0\u00bb4.3.4&Prime; custom_css_main_element=\u00a0\u00bbmargin: auto;\u00a0\u00bb][et_pb_cta title=\u00a0\u00bbLes derni\u00e8res nouvelles du blog\u00a0\u00bb button_text=\u00a0\u00bbCliquez ici\u00a0\u00bb _builder_version=\u00a0\u00bb4.6.5&Prime; header_text_align=\u00a0\u00bbleft\u00a0\u00bb header_font_size=\u00a0\u00bb40px\u00a0\u00bb header_line_height=\u00a0\u00bb1.3em\u00a0\u00bb body_text_align=\u00a0\u00bbleft\u00a0\u00bb background_color=\u00a0\u00bbrgba(255,255,255,0.93)\u00a0\u00bb text_orientation=\u00a0\u00bbright\u00a0\u00bb background_layout=\u00a0\u00bblight\u00a0\u00bb custom_margin=\u00a0\u00bb60px|||-96px|false|false\u00a0\u00bb custom_margin_tablet=\u00a0\u00bb0px|||0px|false|false\u00a0\u00bb custom_margin_phone=\u00a0\u00bb\u00a0\u00bb custom_margin_last_edited=\u00a0\u00bbon|tablet\u00a0\u00bb header_text_align_tablet=\u00a0\u00bbcenter\u00a0\u00bb header_text_align_phone=\u00a0\u00bb\u00a0\u00bb header_text_align_last_edited=\u00a0\u00bbon|tablet\u00a0\u00bb body_text_align_tablet=\u00a0\u00bbcenter\u00a0\u00bb body_text_align_phone=\u00a0\u00bb\u00a0\u00bb body_text_align_last_edited=\u00a0\u00bbon|tablet\u00a0\u00bb text_orientation_tablet=\u00a0\u00bbcenter\u00a0\u00bb text_orientation_phone=\u00a0\u00bb\u00a0\u00bb text_orientation_last_edited=\u00a0\u00bbon|tablet\u00a0\u00bb custom_css_main_element=\u00a0\u00bbmargin: auto;\u00a0\u00bb]<\/p>\n<p>Conseils, \u00e9tudes de cas et tendances pour vous faire remarquer, inspirer et vous rendre absolument m\u00e9morable.<\/p>\n<p>[\/et_pb_cta][et_pb_divider divider_weight=\u00a0\u00bb2px\u00a0\u00bb module_class=\u00a0\u00bbjane_border\u00a0\u00bb _builder_version=\u00a0\u00bb4.4.0&Prime; width=\u00a0\u00bb28%\u00a0\u00bb width_tablet=\u00a0\u00bb12%\u00a0\u00bb width_phone=\u00a0\u00bb\u00a0\u00bb width_last_edited=\u00a0\u00bbon|tablet\u00a0\u00bb module_alignment=\u00a0\u00bbright\u00a0\u00bb custom_margin=\u00a0\u00bb-5%||||false|false\u00a0\u00bb custom_margin_tablet=\u00a0\u00bb0%||||false|false\u00a0\u00bb custom_margin_phone=\u00a0\u00bb\u00a0\u00bb custom_margin_last_edited=\u00a0\u00bbon|tablet\u00a0\u00bb module_alignment_tablet=\u00a0\u00bbcenter\u00a0\u00bb module_alignment_phone=\u00a0\u00bb\u00a0\u00bb module_alignment_last_edited=\u00a0\u00bbon|tablet\u00a0\u00bb custom_css_main_element=\u00a0\u00bb||transform: rotate(90deg);||||z-index: 99;\u00a0\u00bb][\/et_pb_divider][\/et_pb_column][\/et_pb_row][\/et_pb_section][et_pb_section fb_built=\u00a0\u00bb1&Prime; admin_label=\u00a0\u00bbSection &#8211; Ps Subscribe Footer\u00a0\u00bb module_class=\u00a0\u00bbjane_dark_background\u00a0\u00bb _builder_version=\u00a0\u00bb4.3.4&Prime; background_color=\u00a0\u00bb#333333&Prime; custom_padding=\u00a0\u00bb0px||0px|\u00a0\u00bb custom_css_main_element=\u00a0\u00bb overflow: hidden;\u00a0\u00bb][et_pb_row column_structure=\u00a0\u00bb1_2,1_2&Prime; use_custom_gutter=\u00a0\u00bbon\u00a0\u00bb custom_padding_last_edited=\u00a0\u00bbon|tablet\u00a0\u00bb admin_label=\u00a0\u00bbRow &#8211; Ps Subscribe Footer\u00a0\u00bb _builder_version=\u00a0\u00bb4.3.2&Prime; background_enable_color=\u00a0\u00bboff\u00a0\u00bb background_size=\u00a0\u00bbinitial\u00a0\u00bb background_position=\u00a0\u00bbtop_left\u00a0\u00bb background_repeat=\u00a0\u00bbrepeat\u00a0\u00bb min_height=\u00a0\u00bb285px\u00a0\u00bb custom_padding=\u00a0\u00bb3%||1px||false|false\u00a0\u00bb custom_padding_tablet=\u00a0\u00bb60px||60px|\u00a0\u00bb custom_padding_phone=\u00a0\u00bb\u00a0\u00bb custom_css_before=\u00a0\u00bb \u00a0\u00bb custom_css_main_element=\u00a0\u00bboverflow: visible !important;\u00a0\u00bb use_custom_width=\u00a0\u00bbon\u00a0\u00bb custom_width_px=\u00a0\u00bb1175px\u00a0\u00bb][et_pb_column type=\u00a0\u00bb1_2&Prime; _builder_version=\u00a0\u00bb3.25&Prime; custom_padding=\u00a0\u00bb|||\u00a0\u00bb custom_padding__hover=\u00a0\u00bb|||\u00a0\u00bb][et_pb_cta title=\u00a0\u00bbNe manquez rien\u00a0\u00bb admin_label=\u00a0\u00bbSign up for Free &#8211; Call To Action Module\u00a0\u00bb _builder_version=\u00a0\u00bb4.6.5&Prime; header_font=\u00a0\u00bbPacifico||||||||\u00a0\u00bb header_text_align=\u00a0\u00bbleft\u00a0\u00bb header_font_size=\u00a0\u00bb60px\u00a0\u00bb body_text_align=\u00a0\u00bbjustify\u00a0\u00bb use_background_color=\u00a0\u00bboff\u00a0\u00bb background_enable_image=\u00a0\u00bboff\u00a0\u00bb background_size=\u00a0\u00bbcontain\u00a0\u00bb button_alignment=\u00a0\u00bbcenter\u00a0\u00bb text_orientation=\u00a0\u00bbleft\u00a0\u00bb custom_margin=\u00a0\u00bb||2%||false|false\u00a0\u00bb custom_margin_tablet=\u00a0\u00bb5%||||false|false\u00a0\u00bb custom_margin_phone=\u00a0\u00bb\u00a0\u00bb custom_margin_last_edited=\u00a0\u00bbon|tablet\u00a0\u00bb header_font_tablet=\u00a0\u00bb\u00a0\u00bb header_font_phone=\u00a0\u00bb\u00a0\u00bb header_font_last_edited=\u00a0\u00bbon|tablet\u00a0\u00bb header_font_size_tablet=\u00a0\u00bb\u00a0\u00bb header_font_size_phone=\u00a0\u00bb45px\u00a0\u00bb header_font_size_last_edited=\u00a0\u00bbon|phone\u00a0\u00bb button_alignment_tablet=\u00a0\u00bb\u00a0\u00bb button_alignment_phone=\u00a0\u00bb\u00a0\u00bb button_alignment_last_edited=\u00a0\u00bbon|tablet\u00a0\u00bb custom_css_promo_title=\u00a0\u00bbfont-weight: 400;||padding-bottom: 30px;\u00a0\u00bb button_text_size__hover_enabled=\u00a0\u00bboff\u00a0\u00bb button_one_text_size__hover_enabled=\u00a0\u00bboff\u00a0\u00bb button_two_text_size__hover_enabled=\u00a0\u00bboff\u00a0\u00bb button_text_color__hover_enabled=\u00a0\u00bboff\u00a0\u00bb button_one_text_color__hover_enabled=\u00a0\u00bboff\u00a0\u00bb button_two_text_color__hover_enabled=\u00a0\u00bboff\u00a0\u00bb button_border_width__hover_enabled=\u00a0\u00bboff\u00a0\u00bb button_one_border_width__hover_enabled=\u00a0\u00bboff\u00a0\u00bb button_two_border_width__hover_enabled=\u00a0\u00bboff\u00a0\u00bb button_border_color__hover_enabled=\u00a0\u00bboff\u00a0\u00bb button_one_border_color__hover_enabled=\u00a0\u00bboff\u00a0\u00bb button_two_border_color__hover_enabled=\u00a0\u00bboff\u00a0\u00bb button_border_radius__hover_enabled=\u00a0\u00bboff\u00a0\u00bb button_one_border_radius__hover_enabled=\u00a0\u00bboff\u00a0\u00bb button_two_border_radius__hover_enabled=\u00a0\u00bboff\u00a0\u00bb button_letter_spacing__hover_enabled=\u00a0\u00bboff\u00a0\u00bb button_one_letter_spacing__hover_enabled=\u00a0\u00bboff\u00a0\u00bb button_two_letter_spacing__hover_enabled=\u00a0\u00bboff\u00a0\u00bb button_bg_color__hover_enabled=\u00a0\u00bboff\u00a0\u00bb button_one_bg_color__hover_enabled=\u00a0\u00bboff\u00a0\u00bb button_two_bg_color__hover_enabled=\u00a0\u00bboff\u00a0\u00bb]Inscrivez-vous \u00e0 notre liste de diffusion pour recevoir les derni\u00e8res nouvelles de The Storyteller et des conseils utiles pour am\u00e9liorer vos communications et tirer parti de votre histoire.[\/et_pb_cta][\/et_pb_column][et_pb_column type=\u00a0\u00bb1_2&Prime; _builder_version=\u00a0\u00bb3.25&Prime; custom_padding=\u00a0\u00bb|||\u00a0\u00bb custom_css_main_element=\u00a0\u00bb margin-bottom: 0 !important;\u00a0\u00bb custom_padding__hover=\u00a0\u00bb|||\u00a0\u00bb][et_pb_signup mailchimp_list=\u00a0\u00bbstoryteller|7db299fbf8&Prime; layout=\u00a0\u00bbtop_bottom\u00a0\u00bb first_name_fullwidth=\u00a0\u00bboff\u00a0\u00bb last_name_field=\u00a0\u00bboff\u00a0\u00bb email_fullwidth=\u00a0\u00bboff\u00a0\u00bb button_text=\u00a0\u00bbOui, inscrivez-vous\u00a0\u00bb admin_label=\u00a0\u00bbSign Me Up Email Optin Module\u00a0\u00bb module_class=\u00a0\u00bbangelina_optin\u00a0\u00bb _builder_version=\u00a0\u00bb4.6.5&Prime; form_field_text_color=\u00a0\u00bb#333333&Prime; form_field_focus_background_color=\u00a0\u00bbrgba(0,0,0,0)\u00a0\u00bb form_field_focus_text_color=\u00a0\u00bb#ffffff\u00a0\u00bb form_field_custom_margin_tablet=\u00a0\u00bb\u00a0\u00bb form_field_custom_margin_phone=\u00a0\u00bb\u00a0\u00bb form_field_custom_margin_last_edited=\u00a0\u00bbon|tablet\u00a0\u00bb header_text_align=\u00a0\u00bbleft\u00a0\u00bb header_text_color=\u00a0\u00bbrgba(217,217,217,0.5)\u00a0\u00bb header_font_size=\u00a0\u00bb14px\u00a0\u00bb header_line_height=\u00a0\u00bb26px\u00a0\u00bb body_text_align=\u00a0\u00bbleft\u00a0\u00bb body_text_color=\u00a0\u00bbrgba(217,217,217,0.5)\u00a0\u00bb body_letter_spacing=\u00a0\u00bb0.1px\u00a0\u00bb result_message_font=\u00a0\u00bbLato||||\u00a0\u00bb result_message_text_align=\u00a0\u00bbleft\u00a0\u00bb form_field_font=\u00a0\u00bb|||on|||||\u00a0\u00bb form_field_font_size=\u00a0\u00bb12px\u00a0\u00bb use_background_color=\u00a0\u00bboff\u00a0\u00bb background_layout=\u00a0\u00bblight\u00a0\u00bb module_alignment=\u00a0\u00bbcenter\u00a0\u00bb custom_margin=\u00a0\u00bb||1%|\u00a0\u00bb custom_padding=\u00a0\u00bb||||false|false\u00a0\u00bb result_message_font_size_tablet=\u00a0\u00bb51&Prime; result_message_line_height_tablet=\u00a0\u00bb2&Prime; custom_css_newsletter_description=\u00a0\u00bbdisplay:none !important;\u00a0\u00bb custom_css_newsletter_button=\u00a0\u00bbwidth: 100%;||padding: 10px 6px 9px !important;||margin-left: 0;||||\u00a0\u00bb border_radii_fields=\u00a0\u00bbon|0px|0px|0px|0px\u00a0\u00bb border_color_all_fields=\u00a0\u00bb#ffffff\u00a0\u00bb border_width_bottom_fields=\u00a0\u00bb1px\u00a0\u00bb border_color_bottom_fields=\u00a0\u00bb#000000&Prime; focus_border_color=\u00a0\u00bb#ffffff\u00a0\u00bb button_text_color_hover=\u00a0\u00bb#ffffff\u00a0\u00bb button_border_color_hover=\u00a0\u00bb#ffffff\u00a0\u00bb button_border_radius_hover=\u00a0\u00bb2px\u00a0\u00bb button_bg_color_hover=\u00a0\u00bb#000000&Prime; focus_background_color=\u00a0\u00bbrgba(0,0,0,0)\u00a0\u00bb focus_text_color=\u00a0\u00bb#ffffff\u00a0\u00bb button_text_size__hover_enabled=\u00a0\u00bboff\u00a0\u00bb button_one_text_size__hover_enabled=\u00a0\u00bboff\u00a0\u00bb button_two_text_size__hover_enabled=\u00a0\u00bboff\u00a0\u00bb button_text_color__hover_enabled=\u00a0\u00bbon\u00a0\u00bb button_text_color__hover=\u00a0\u00bb#ffffff\u00a0\u00bb button_one_text_color__hover_enabled=\u00a0\u00bboff\u00a0\u00bb button_two_text_color__hover_enabled=\u00a0\u00bboff\u00a0\u00bb button_border_width__hover_enabled=\u00a0\u00bboff\u00a0\u00bb button_one_border_width__hover_enabled=\u00a0\u00bboff\u00a0\u00bb button_two_border_width__hover_enabled=\u00a0\u00bboff\u00a0\u00bb button_border_color__hover_enabled=\u00a0\u00bbon\u00a0\u00bb button_border_color__hover=\u00a0\u00bb#ffffff\u00a0\u00bb button_one_border_color__hover_enabled=\u00a0\u00bboff\u00a0\u00bb button_two_border_color__hover_enabled=\u00a0\u00bboff\u00a0\u00bb button_border_radius__hover_enabled=\u00a0\u00bbon\u00a0\u00bb button_border_radius__hover=\u00a0\u00bb2px\u00a0\u00bb button_one_border_radius__hover_enabled=\u00a0\u00bboff\u00a0\u00bb button_two_border_radius__hover_enabled=\u00a0\u00bboff\u00a0\u00bb button_letter_spacing__hover_enabled=\u00a0\u00bboff\u00a0\u00bb button_one_letter_spacing__hover_enabled=\u00a0\u00bboff\u00a0\u00bb button_two_letter_spacing__hover_enabled=\u00a0\u00bboff\u00a0\u00bb button_bg_color__hover_enabled=\u00a0\u00bbon\u00a0\u00bb button_bg_color__hover=\u00a0\u00bb#000000&Prime; button_one_bg_color__hover_enabled=\u00a0\u00bboff\u00a0\u00bb button_two_bg_color__hover_enabled=\u00a0\u00bboff\u00a0\u00bb][\/et_pb_signup][\/et_pb_column][\/et_pb_row][\/et_pb_section][et_pb_section fb_built=\u00a0\u00bb1&Prime; _builder_version=\u00a0\u00bb4.3.2&Prime; custom_margin=\u00a0\u00bb3%||||false|false\u00a0\u00bb custom_padding=\u00a0\u00bb0px||||false|false\u00a0\u00bb top_divider_color=\u00a0\u00bb#ffffff\u00a0\u00bb top_divider_height=\u00a0\u00bb500px\u00a0\u00bb top_divider_height_tablet=\u00a0\u00bb400px\u00a0\u00bb top_divider_height_phone=\u00a0\u00bb300px\u00a0\u00bb top_divider_height_last_edited=\u00a0\u00bbon|phone\u00a0\u00bb][et_pb_row column_structure=\u00a0\u00bb2_3,1_3&Prime; use_custom_gutter=\u00a0\u00bbon\u00a0\u00bb make_equal=\u00a0\u00bbon\u00a0\u00bb custom_padding_last_edited=\u00a0\u00bbon|phone\u00a0\u00bb _builder_version=\u00a0\u00bb4.3.2&Prime; custom_margin=\u00a0\u00bb||||false|false\u00a0\u00bb custom_padding_tablet=\u00a0\u00bb||0px|\u00a0\u00bb custom_padding_phone=\u00a0\u00bb\u00a0\u00bb][et_pb_column type=\u00a0\u00bb2_3&Prime; _builder_version=\u00a0\u00bb3.25&Prime; custom_padding=\u00a0\u00bb|||\u00a0\u00bb custom_padding__hover=\u00a0\u00bb|||\u00a0\u00bb][et_pb_blog posts_number=\u00a0\u00bb4&Prime; include_categories=\u00a0\u00bball\u00a0\u00bb show_more=\u00a0\u00bbon\u00a0\u00bb show_author=\u00a0\u00bboff\u00a0\u00bb module_class=\u00a0\u00bbjane_blog\u00a0\u00bb _builder_version=\u00a0\u00bb4.3.2&Prime; header_level=\u00a0\u00bbh3&Prime; header_font=\u00a0\u00bb||||||||\u00a0\u00bb header_text_align=\u00a0\u00bbleft\u00a0\u00bb header_font_size=\u00a0\u00bb26px\u00a0\u00bb header_line_height=\u00a0\u00bb1.4em\u00a0\u00bb body_text_align=\u00a0\u00bbjustify\u00a0\u00bb body_line_height=\u00a0\u00bb1.8em\u00a0\u00bb meta_font=\u00a0\u00bb|600||on|||||\u00a0\u00bb meta_text_align=\u00a0\u00bbleft\u00a0\u00bb meta_text_color=\u00a0\u00bbrgba(0,0,0,0.78)\u00a0\u00bb meta_font_size=\u00a0\u00bb12px\u00a0\u00bb meta_letter_spacing=\u00a0\u00bb2px\u00a0\u00bb read_more_letter_spacing=\u00a0\u00bb2px\u00a0\u00bb read_more_line_height=\u00a0\u00bb1.8em\u00a0\u00bb text_orientation=\u00a0\u00bbcenter\u00a0\u00bb header_text_align_tablet=\u00a0\u00bbcenter\u00a0\u00bb header_text_align_phone=\u00a0\u00bb\u00a0\u00bb header_text_align_last_edited=\u00a0\u00bbon|tablet\u00a0\u00bb header_font_size_tablet=\u00a0\u00bb26px\u00a0\u00bb header_font_size_phone=\u00a0\u00bb18&Prime; header_font_size_last_edited=\u00a0\u00bbon|phone\u00a0\u00bb body_font_size_tablet=\u00a0\u00bb16&Prime; body_font_size_phone=\u00a0\u00bb14&Prime; body_font_size_last_edited=\u00a0\u00bbon|phone\u00a0\u00bb meta_text_align_tablet=\u00a0\u00bbcenter\u00a0\u00bb meta_text_align_phone=\u00a0\u00bb\u00a0\u00bb meta_text_align_last_edited=\u00a0\u00bbon|tablet\u00a0\u00bb read_more_font_tablet=\u00a0\u00bb\u00a0\u00bb read_more_font_phone=\u00a0\u00bb\u00a0\u00bb read_more_font_last_edited=\u00a0\u00bbon|tablet\u00a0\u00bb pagination_font_size_tablet=\u00a0\u00bb51&Prime; pagination_line_height_tablet=\u00a0\u00bb2&Prime;][\/et_pb_blog][\/et_pb_column][et_pb_column type=\u00a0\u00bb1_3&Prime; _builder_version=\u00a0\u00bb4.3.2&Prime; custom_padding=\u00a0\u00bb|||\u00a0\u00bb custom_padding__hover=\u00a0\u00bb|||\u00a0\u00bb][et_pb_sidebar module_class=\u00a0\u00bblovely_blog_sidebar\u00a0\u00bb _builder_version=\u00a0\u00bb4.6.5&Prime; custom_margin=\u00a0\u00bb||||false|false\u00a0\u00bb custom_padding=\u00a0\u00bb10%|9%|10%|9%|true|true\u00a0\u00bb border_color_all=\u00a0\u00bb#f4f3ee\u00a0\u00bb border_width_left=\u00a0\u00bb1px\u00a0\u00bb][\/et_pb_sidebar][\/et_pb_column][\/et_pb_row][\/et_pb_section]<\/p>\n","protected":false},"excerpt":{"rendered":"<p>Conseils, \u00e9tudes de cas et tendances pour vous faire remarquer, inspirer et vous rendre absolument m\u00e9morable.Inscrivez-vous \u00e0 notre liste de diffusion pour recevoir les derni\u00e8res nouvelles de The Storyteller et des conseils utiles pour am\u00e9liorer vos communications et tirer parti de votre histoire.<\/p>\n","protected":false},"author":1,"featured_media":0,"parent":0,"menu_order":0,"comment_status":"closed","ping_status":"closed","template":"","meta":{"_et_pb_use_builder":"on","_et_pb_old_content":"","_et_gb_content_width":"","footnotes":""},"class_list":["post-237530","page","type-page","status-publish","hentry"],"yoast_head":"<!-- This site is optimized with the Yoast SEO plugin v27.2 - https:\/\/yoast.com\/product\/yoast-seo-wordpress\/ -->\n<title>Blogue-old - The Storyteller<\/title>\n<meta name=\"robots\" content=\"index, follow, max-snippet:-1, max-image-preview:large, max-video-preview:-1\" \/>\n<link rel=\"canonical\" href=\"https:\/\/thestorytelleragency.ca\/fr\/blogue-old\/\" \/>\n<meta property=\"og:locale\" content=\"fr_FR\" \/>\n<meta property=\"og:type\" content=\"article\" \/>\n<meta property=\"og:title\" content=\"Blogue-old - The Storyteller\" \/>\n<meta property=\"og:description\" content=\"Conseils, \u00e9tudes de cas et tendances pour vous faire remarquer, inspirer et vous rendre absolument m\u00e9morable.Inscrivez-vous \u00e0 notre liste de diffusion pour recevoir les derni\u00e8res nouvelles de The Storyteller et des conseils utiles pour am\u00e9liorer vos communications et tirer parti de votre histoire.\" \/>\n<meta property=\"og:url\" content=\"https:\/\/thestorytelleragency.ca\/fr\/blogue-old\/\" \/>\n<meta property=\"og:site_name\" content=\"The Storyteller\" \/>\n<meta property=\"article:modified_time\" content=\"2021-08-01T05:54:29+00:00\" \/>\n<meta property=\"og:image\" content=\"https:\/\/thestorytelleragency.ca\/wp-content\/uploads\/2020\/10\/Storyteller_Logo-Horz-2018-web.jpg\" \/>\n\t<meta property=\"og:image:width\" content=\"1388\" \/>\n\t<meta property=\"og:image:height\" content=\"494\" \/>\n\t<meta property=\"og:image:type\" content=\"image\/jpeg\" \/>\n<meta name=\"twitter:card\" content=\"summary_large_image\" \/>\n<meta name=\"twitter:label1\" content=\"Dur\u00e9e de lecture estim\u00e9e\" \/>\n\t<meta name=\"twitter:data1\" content=\"8 minutes\" \/>\n<script type=\"application\/ld+json\" class=\"yoast-schema-graph\">{\"@context\":\"https:\/\/schema.org\",\"@graph\":[{\"@type\":\"WebPage\",\"@id\":\"https:\/\/thestorytelleragency.ca\/fr\/blogue-old\/\",\"url\":\"https:\/\/thestorytelleragency.ca\/fr\/blogue-old\/\",\"name\":\"Blogue-old - The Storyteller\",\"isPartOf\":{\"@id\":\"https:\/\/thestorytelleragency.ca\/fr\/#website\"},\"datePublished\":\"2020-11-24T15:15:15+00:00\",\"dateModified\":\"2021-08-01T05:54:29+00:00\",\"breadcrumb\":{\"@id\":\"https:\/\/thestorytelleragency.ca\/fr\/blogue-old\/#breadcrumb\"},\"inLanguage\":\"fr-FR\",\"potentialAction\":[{\"@type\":\"ReadAction\",\"target\":[\"https:\/\/thestorytelleragency.ca\/fr\/blogue-old\/\"]}]},{\"@type\":\"BreadcrumbList\",\"@id\":\"https:\/\/thestorytelleragency.ca\/fr\/blogue-old\/#breadcrumb\",\"itemListElement\":[{\"@type\":\"ListItem\",\"position\":1,\"name\":\"Home\",\"item\":\"https:\/\/thestorytelleragency.ca\/fr\/\"},{\"@type\":\"ListItem\",\"position\":2,\"name\":\"Blogue-old\"}]},{\"@type\":\"WebSite\",\"@id\":\"https:\/\/thestorytelleragency.ca\/fr\/#website\",\"url\":\"https:\/\/thestorytelleragency.ca\/fr\/\",\"name\":\"The Storyteller\",\"description\":\"Authentic Marketing Agency\",\"publisher\":{\"@id\":\"https:\/\/thestorytelleragency.ca\/fr\/#organization\"},\"potentialAction\":[{\"@type\":\"SearchAction\",\"target\":{\"@type\":\"EntryPoint\",\"urlTemplate\":\"https:\/\/thestorytelleragency.ca\/fr\/?s={search_term_string}\"},\"query-input\":{\"@type\":\"PropertyValueSpecification\",\"valueRequired\":true,\"valueName\":\"search_term_string\"}}],\"inLanguage\":\"fr-FR\"},{\"@type\":\"Organization\",\"@id\":\"https:\/\/thestorytelleragency.ca\/fr\/#organization\",\"name\":\"The Storyteller - Authentic Marketing Agency\",\"alternateName\":\"Authentic Marketing Agency\",\"url\":\"https:\/\/thestorytelleragency.ca\/fr\/\",\"logo\":{\"@type\":\"ImageObject\",\"inLanguage\":\"fr-FR\",\"@id\":\"https:\/\/thestorytelleragency.ca\/fr\/#\/schema\/logo\/image\/\",\"url\":\"https:\/\/thestorytelleragency.ca\/wp-content\/uploads\/2020\/10\/storyteller_favicon.jpg\",\"contentUrl\":\"https:\/\/thestorytelleragency.ca\/wp-content\/uploads\/2020\/10\/storyteller_favicon.jpg\",\"width\":494,\"height\":494,\"caption\":\"The Storyteller - Authentic Marketing Agency\"},\"image\":{\"@id\":\"https:\/\/thestorytelleragency.ca\/fr\/#\/schema\/logo\/image\/\"},\"sameAs\":[\"https:\/\/www.linkedin.com\/company\/thestorytelleragency\/\"]}]}<\/script>\n<!-- \/ Yoast SEO plugin. -->","yoast_head_json":{"title":"Blogue-old - The Storyteller","robots":{"index":"index","follow":"follow","max-snippet":"max-snippet:-1","max-image-preview":"max-image-preview:large","max-video-preview":"max-video-preview:-1"},"canonical":"https:\/\/thestorytelleragency.ca\/fr\/blogue-old\/","og_locale":"fr_FR","og_type":"article","og_title":"Blogue-old - The Storyteller","og_description":"Conseils, \u00e9tudes de cas et tendances pour vous faire remarquer, inspirer et vous rendre absolument m\u00e9morable.Inscrivez-vous \u00e0 notre liste de diffusion pour recevoir les derni\u00e8res nouvelles de The Storyteller et des conseils utiles pour am\u00e9liorer vos communications et tirer parti de votre histoire.","og_url":"https:\/\/thestorytelleragency.ca\/fr\/blogue-old\/","og_site_name":"The Storyteller","article_modified_time":"2021-08-01T05:54:29+00:00","og_image":[{"width":1388,"height":494,"url":"https:\/\/thestorytelleragency.ca\/wp-content\/uploads\/2020\/10\/Storyteller_Logo-Horz-2018-web.jpg","type":"image\/jpeg"}],"twitter_card":"summary_large_image","twitter_misc":{"Dur\u00e9e de lecture estim\u00e9e":"8 minutes"},"schema":{"@context":"https:\/\/schema.org","@graph":[{"@type":"WebPage","@id":"https:\/\/thestorytelleragency.ca\/fr\/blogue-old\/","url":"https:\/\/thestorytelleragency.ca\/fr\/blogue-old\/","name":"Blogue-old - The Storyteller","isPartOf":{"@id":"https:\/\/thestorytelleragency.ca\/fr\/#website"},"datePublished":"2020-11-24T15:15:15+00:00","dateModified":"2021-08-01T05:54:29+00:00","breadcrumb":{"@id":"https:\/\/thestorytelleragency.ca\/fr\/blogue-old\/#breadcrumb"},"inLanguage":"fr-FR","potentialAction":[{"@type":"ReadAction","target":["https:\/\/thestorytelleragency.ca\/fr\/blogue-old\/"]}]},{"@type":"BreadcrumbList","@id":"https:\/\/thestorytelleragency.ca\/fr\/blogue-old\/#breadcrumb","itemListElement":[{"@type":"ListItem","position":1,"name":"Home","item":"https:\/\/thestorytelleragency.ca\/fr\/"},{"@type":"ListItem","position":2,"name":"Blogue-old"}]},{"@type":"WebSite","@id":"https:\/\/thestorytelleragency.ca\/fr\/#website","url":"https:\/\/thestorytelleragency.ca\/fr\/","name":"The Storyteller","description":"Authentic Marketing Agency","publisher":{"@id":"https:\/\/thestorytelleragency.ca\/fr\/#organization"},"potentialAction":[{"@type":"SearchAction","target":{"@type":"EntryPoint","urlTemplate":"https:\/\/thestorytelleragency.ca\/fr\/?s={search_term_string}"},"query-input":{"@type":"PropertyValueSpecification","valueRequired":true,"valueName":"search_term_string"}}],"inLanguage":"fr-FR"},{"@type":"Organization","@id":"https:\/\/thestorytelleragency.ca\/fr\/#organization","name":"The Storyteller - Authentic Marketing Agency","alternateName":"Authentic Marketing Agency","url":"https:\/\/thestorytelleragency.ca\/fr\/","logo":{"@type":"ImageObject","inLanguage":"fr-FR","@id":"https:\/\/thestorytelleragency.ca\/fr\/#\/schema\/logo\/image\/","url":"https:\/\/thestorytelleragency.ca\/wp-content\/uploads\/2020\/10\/storyteller_favicon.jpg","contentUrl":"https:\/\/thestorytelleragency.ca\/wp-content\/uploads\/2020\/10\/storyteller_favicon.jpg","width":494,"height":494,"caption":"The Storyteller - Authentic Marketing Agency"},"image":{"@id":"https:\/\/thestorytelleragency.ca\/fr\/#\/schema\/logo\/image\/"},"sameAs":["https:\/\/www.linkedin.com\/company\/thestorytelleragency\/"]}]}},"_links":{"self":[{"href":"https:\/\/thestorytelleragency.ca\/fr\/wp-json\/wp\/v2\/pages\/237530","targetHints":{"allow":["GET"]}}],"collection":[{"href":"https:\/\/thestorytelleragency.ca\/fr\/wp-json\/wp\/v2\/pages"}],"about":[{"href":"https:\/\/thestorytelleragency.ca\/fr\/wp-json\/wp\/v2\/types\/page"}],"author":[{"embeddable":true,"href":"https:\/\/thestorytelleragency.ca\/fr\/wp-json\/wp\/v2\/users\/1"}],"replies":[{"embeddable":true,"href":"https:\/\/thestorytelleragency.ca\/fr\/wp-json\/wp\/v2\/comments?post=237530"}],"version-history":[{"count":11,"href":"https:\/\/thestorytelleragency.ca\/fr\/wp-json\/wp\/v2\/pages\/237530\/revisions"}],"predecessor-version":[{"id":238169,"href":"https:\/\/thestorytelleragency.ca\/fr\/wp-json\/wp\/v2\/pages\/237530\/revisions\/238169"}],"wp:attachment":[{"href":"https:\/\/thestorytelleragency.ca\/fr\/wp-json\/wp\/v2\/media?parent=237530"}],"curies":[{"name":"wp","href":"https:\/\/api.w.org\/{rel}","templated":true}]}}