{"id":237646,"date":"2020-12-01T16:48:49","date_gmt":"2020-12-01T16:48:49","guid":{"rendered":"http:\/\/thestory.mywhc.ca\/\/politique-de-confidentialite\/"},"modified":"2025-01-31T11:54:06","modified_gmt":"2025-01-31T11:54:06","slug":"politique-de-confidentialite","status":"publish","type":"page","link":"https:\/\/thestorytelleragency.ca\/fr\/politique-de-confidentialite\/","title":{"rendered":"Politique de confidentialit\u00e9"},"content":{"rendered":"<div style=\"text-align: center;\">\n<p style=\"text-align: center;\"><strong>thestorytelleragency.ca<\/strong><br \/>The Storyteller Communications &amp; Marketing<\/p>\n<p>Type de site\u00a0: informatif \/ site d&rsquo;entreprise<\/p>\n<p><\/p>\n<\/div>\n<div>\u00a0<\/div>\n<div class=\"LDCopyright\">\n<div>\n<p><strong><u>Le but de cette politique de confidentialit\u00e9<\/u><\/strong><\/p>\n<p>Le but de cette politique de confidentialit\u00e9 est d&rsquo;informer les utilisateurs de notre site des donn\u00e9es personnelles que nous recueillons ainsi que des informations suivantes, le cas \u00e9ch\u00e9ant :<\/p>\n<ol class=\"fr-pricvacy\" style=\"list-style-type: lower-alpha;\">\n<li>Les donn\u00e9es personnelles que nous recueillerons<\/li>\n<li>L\u2019utilisation des donn\u00e9es recueillies<\/li>\n<li>Qui a acc\u00e8s aux donn\u00e9es recueillies<\/li>\n<li>Les droits des utilisateurs du site<\/li>\n<li>La politique de cookies du site<\/li>\n<\/ol>\n<p>Cette politique de confidentialit\u00e9 s&rsquo;applique en compl\u00e9ment des conditions g\u00e9n\u00e9rales d\u2019utilisation de notre site.<\/p>\n<p><strong><u>Lois applicables<\/u><\/strong><\/p>\n<p>Cette politique est conforme aux lois \u00e9nonc\u00e9es dans la <em>Loi sur la protection des renseignements personnels et les documents \u00e9lectroniques<\/em>\u00a0(LPRPDE) applicable au Canada. Pour les r\u00e9sidents du Qu\u00e9bec, cette politique de confidentialit\u00e9 vise \u00e0 se conformer \u00e0\u00a0<em>Loi sur la protection des renseignements personnels dans le secteur priv\u00e9<\/em>.<\/p>\n<p>Pour les r\u00e9sidents des pays de l\u2019UE, le <em>R\u00e8glement g\u00e9n\u00e9ral sur la protection des donn\u00e9es<\/em> (RGDP) r\u00e9git toutes les politiques de protection des donn\u00e9es, quel que soit l\u2019endroit o\u00f9 se trouve le site. La pr\u00e9sente politique de confidentialit\u00e9 vise \u00e0 se conformer au RGDP. S\u2019il y a des incoh\u00e9rences entre la pr\u00e9sente politique et le RGDP, le RGDP s\u2019appliquera.<\/p>\n<p>Pour les r\u00e9sidents de l\u2019\u00c9tat de Californie, cette politique de confidentialit\u00e9 vise \u00e0 se conformer \u00e0 la\u00a0<em>California Consumer Privacy Act (CCPA)<\/em>. S\u2019il y a des incoh\u00e9rences entre ce document et la\u00a0<em>CCPA<\/em>, la l\u00e9gislation de l\u2019\u00c9tat s\u2019appliquera. Si nous constatons des incoh\u00e9rences, nous modifierons notre politique pour nous conformer \u00e0 la loi pertinente.<\/p>\n<\/div>\n<div>\n<p>&nbsp;<\/p>\n<\/div>\n<div>\n<p><strong><u>Consentement<\/u><\/strong><\/p>\n<p>Les utilisateurs conviennent qu\u2019en utilisant notre site, ils acceptent :<\/p>\n<p><\/p>\n<ol class=\"fr-pricvacy\" style=\"list-style-type: lower-alpha;\">\n<li>les conditions \u00e9nonc\u00e9es dans la pr\u00e9sente politique de confidentialit\u00e9 et<\/li>\n<li>la collecte, l\u2019utilisation et la conservation des donn\u00e9es \u00e9num\u00e9r\u00e9es dans la pr\u00e9sente politique.\n<\/li>\n<\/ol>\n<\/div>\n<div>\n<p><strong><u>Donn\u00e9es personnelles que nous collectons<\/u><\/strong><\/p>\n<p>&nbsp;<\/p>\n<div>\n<div>\n<p><strong>Donn\u00e9es collect\u00e9es automatiquement<\/strong><\/p>\n<p>Lorsque vous visitez et utilisez notre site, nous pouvons automatiquement recueillir et conserver des renseignements.<\/p>\n<p>&nbsp;<\/p>\n<\/div>\n<div>\n<p><strong>Donn\u00e9es recueillies de fa\u00e7on non automatique<\/strong><\/p>\n<p>Nous pouvons \u00e9galement collecter les donn\u00e9es suivantes lorsque vous effectuez certaines fonctions sur notre site\u00a0:<\/p>\n<ol class=\"fr-pricvacy\" style=\"list-style-type: lower-alpha;\">\n<li>Pr\u00e9nom et nom<\/li>\n<li>Email<\/li>\n<\/ol>\n<p>Ces donn\u00e9es peuvent \u00eatre recueillies au moyen des m\u00e9thodes suivantes\u00a0:<\/p>\n<p>Inscription \u00e0 l&rsquo;infolettre<\/p>\n<p>T\u00e9l\u00e9chargement d&rsquo;un outil gratuit<\/p>\n<p>Demande d&rsquo;information<\/p>\n<p>Veuillez noter que nous ne collectons que les donn\u00e9es qui nous aident \u00e0 atteindre l\u2019objectif \u00e9nonc\u00e9 dans cette politique de confidentialit\u00e9. Nous ne recueillerons pas de donn\u00e9es suppl\u00e9mentaires sans vous en informer au pr\u00e9alable.<\/p>\n<\/div>\n<p>&nbsp;<\/p>\n<\/div>\n<\/div>\n<div>\n<p><strong><u>Comment nous utilisons les donn\u00e9es personnelles<\/u><\/strong><\/p>\n<p>Les donn\u00e9es personnelles recueillies sur notre site seront utilis\u00e9es uniquement aux fins pr\u00e9cis\u00e9es dans la pr\u00e9sente politique ou indiqu\u00e9es sur les pages pertinentes de notre site. Nous n\u2019utiliserons pas vos donn\u00e9es au-del\u00e0 de ce que nous divulguerons.<\/p>\n<div>\n<p>Les donn\u00e9es que nous recueillons automatiquement sont utilis\u00e9es aux fins suivantes\u00a0:<\/p>\n<p><\/p>\n<ol class=\"fr-pricvacy\" style=\"list-style-type: lower-alpha;\">\n<li>Statistiques<\/li>\n<li>Optimisation du site et de la vitesse de t\u00e9l\u00e9chargement<\/li>\n<\/ol>\n<\/div>\n<div>\n<p>Les donn\u00e9es que nous recueillons lorsque l\u2019utilisateur ex\u00e9cute certaines fonctions peuvent \u00eatre utilis\u00e9es aux fins suivantes\u00a0:<\/p>\n<p><\/p>\n<ol class=\"fr-pricvacy\" style=\"list-style-type: lower-alpha;\">\n<li>Communication<\/li>\n<\/ol>\n<\/div>\n<\/div>\n<div>\n<p><strong><u>Avec qui nous partageons les donn\u00e9es personnelles<\/u><\/strong><\/p>\n<div><\/p>\n<p><strong>Employ\u00e9s<\/strong><br \/>Nous pouvons divulguer \u00e0 tout membre de notre organisation les donn\u00e9es utilisateur dont ce membre a raisonnablement besoin pour r\u00e9aliser les objectifs \u00e9nonc\u00e9s dans la pr\u00e9sente politique.<\/p>\n<p><strong>Tierces parties<\/strong><\/p>\n<\/div>\n<div>\n<p>Nous pouvons partager les donn\u00e9es utilisateur avec les tiers suivants\u00a0:<\/p>\n<p>Nous pouvons partager les donn\u00e9es utilisateur avec des tiers aux fins suivantes\u00a0:<\/p>\n<p>Les tiers ne seront pas en mesure d\u2019acc\u00e9der aux donn\u00e9es des utilisateurs au-del\u00e0 de ce qui est raisonnablement n\u00e9cessaire pour atteindre l\u2019objectif donn\u00e9.<\/p>\n<p><strong>Autres divulgations<\/strong><\/p>\n<\/div>\n<div>\n<p>Nous nous engageons \u00e0 ne pas vendre ou partager vos donn\u00e9es avec des tiers, sauf dans les cas suivants\u00a0:<\/p>\n<ol class=\"fr-pricvacy\" style=\"list-style-type: lower-alpha;\">\n<li>si la loi l&rsquo;exige<\/li>\n<li>si elle est requise pour toute proc\u00e9dure judiciaire<\/li>\n<li>pour prouver ou prot\u00e9ger nos droits l\u00e9gaux<\/li>\n<li>\u00e0 des acheteurs ou des acheteurs potentiels de cette soci\u00e9t\u00e9 dans le cas o\u00f9 nous cherchons \u00e0 la vendre la soci\u00e9t\u00e9<\/li>\n<\/ol>\n<p>Si vous consultez des hyperliens de notre site vers un autre site, veuillez noter que nous ne sommes pas responsables et n\u2019avons pas de contr\u00f4le sur leurs politiques et pratiques de confidentialit\u00e9.<\/p>\n<p><strong><u>Combien de temps nous stockons les donn\u00e9es personnelles<\/u><\/strong><\/p>\n<p>Les donn\u00e9es personnelles sont conserv\u00e9es aussi longtemps que n\u00e9cessaire pour les fins pour lesquelles elles ont \u00e9t\u00e9 collect\u00e9es, ou pour se conformer \u00e0 nos obligations l\u00e9gales. Une fois cette dur\u00e9e \u00e9coul\u00e9e, les donn\u00e9es seront supprim\u00e9es de mani\u00e8re s\u00e9curis\u00e9e.<\/p>\n<p><strong><u>Comment nous prot\u00e9geons vos donn\u00e9es personnelles<\/u><\/strong><\/p>\n<\/div>\n<\/div>\n<div><\/p>\n<p>Lorsque vous vous connectez \u00e0 notre site, vos donn\u00e9es sont transmises via une connexion s\u00e9curis\u00e9e (HTTPS), garantissant qu&rsquo;elles sont prot\u00e9g\u00e9es contre toute interception ou manipulation. Les donn\u00e9es stock\u00e9es dans notre syst\u00e8me sont s\u00e9curis\u00e9es et ne sont accessibles qu\u2019\u00e0 notre \u00e9quipe.<\/p>\n<\/div>\n<div>\n<p>Bien que nous prenions toutes les pr\u00e9cautions raisonnables pour s\u00e9curiser les donn\u00e9es de nos utilisateurs et garantir leur protection, il subsiste toujours un certain risque. L&rsquo;Internet dans son ensemble peut parfois pr\u00e9senter des vuln\u00e9rabilit\u00e9s, et il nous est donc impossible d&rsquo;assurer une s\u00e9curit\u00e9 absolue des donn\u00e9es des utilisateurs au-del\u00e0 de ce qui est raisonnablement r\u00e9alisable.<\/p>\n<p>En cas de violation de la s\u00e9curit\u00e9 affectant vos renseignements personnels, nous vous en informerons conform\u00e9ment aux obligations l\u00e9gales et prendrons les mesures n\u00e9cessaires pour en limiter les risques.<\/p>\n<p><strong><u>Mineurs<\/u><\/strong><\/p>\n<p>Pour les r\u00e9sidents de l\u2019UE, le RGPD pr\u00e9cise que les personnes de moins de 15 ans sont consid\u00e9r\u00e9es comme des mineurs aux fins de la collecte de donn\u00e9es. Les mineurs doivent avoir le consentement d\u2019un repr\u00e9sentant l\u00e9gal pour que leurs donn\u00e9es soient recueillies, trait\u00e9es et utilis\u00e9es.<\/p>\n<p><strong><u>Vos droits en tant qu\u2019utilisateur<\/u><\/strong><\/p>\n<p>En tant qu\u2019utilisateur, vous avez le droit d\u2019acc\u00e9der \u00e0 l&rsquo;ensemble des donn\u00e9es personnelles vous appartenant que nous avons collect\u00e9es. En outre, vous avez le droit de mettre \u00e0 jour ou de corriger toute donn\u00e9e personnelle en notre possession \u00e0 condition que cette correction ou mise \u00e0 jour soit acceptable en vertu de la loi.<\/p>\n<\/div>\n<div>\n<p>Vous avez \u00e9galement le droit de vous opposer \u00e0 la collecte et \u00e0 l&rsquo;utilisation de vos donn\u00e9es personnelles, sous r\u00e9serve des obligations l\u00e9gales.<\/p>\n<p>Vous pouvez choisir de supprimer ou de modifier votre consentement \u00e0 la collecte et \u00e0 l\u2019utilisation des donn\u00e9es en tout temps, pourvu qu\u2019il soit l\u00e9galement acceptable de le faire et que vous nous en ayez inform\u00e9 dans un d\u00e9lai raisonnable.<\/p>\n<p><strong><u>Comment modifier, supprimer ou contester les donn\u00e9es recueillies<\/u><\/strong><\/p>\n<p>Si vous souhaitez que vos renseignements soient supprim\u00e9s ou modifi\u00e9s d\u2019une fa\u00e7on ou d\u2019une autre, veuillez communiquer avec notre agent de protection des donn\u00e9es personnelles ici :<\/p>\n<\/div>\n<div>\n<p>Genevi\u00e8ve Gazaille<br \/>______________________________<br \/>info@lesgalerieskirkland.com<br \/>______________________________<\/p>\n<p><strong><u>Politique sur les t\u00e9moins<\/u><\/strong><\/p>\n<p>Un t\u00e9moins est un petit fichier stock\u00e9 sur le disque dur d\u2019un utilisateur par un site. Il permet de collecter des donn\u00e9es concernant les habitudes de navigation et les interactions de l\u2019utilisateur avec le site.<\/p>\n<\/div>\n<div>\n<p>Nous utilisons les types de t\u00e9moins suivants sur notre site\u00a0:<\/p>\n<ol class=\"fr-pricvacy\" style=\"list-style-type: lower-alpha;\">\n<li value=\"1\"><strong>T\u00e9moins fonctionnels<\/strong><br \/>Nous les utilisons pour m\u00e9moriser toutes les s\u00e9lections que vous faites sur notre site afin qu\u2019elles soient sauvegard\u00e9es pour vos prochaines visites.<\/li>\n<li value=\"2\"><strong>T\u00e9moins analytiques<\/strong><br \/>Cela nous permet d\u2019am\u00e9liorer la conception et la fonctionnalit\u00e9 de notre site en recueillant des donn\u00e9es sur le contenu auquel vous acc\u00e9dez et que vous consultez en utilisant notre site.<\/li>\n<\/ol>\n<p>Vous pouvez choisir d\u2019\u00eatre averti chaque fois qu\u2019un t\u00e9moin est transmis ou de d\u00e9sactiver compl\u00e8tement les t\u00e9moins en modifiant les param\u00e8tres de votre navigateur Internet. Cependant, veuillez noter que cela pourrait affecter certaines fonctionnalit\u00e9s du site et diminuer la qualit\u00e9 de votre exp\u00e9rience utilisateur.<\/p>\n<p><strong><u>Modifications<\/u><\/strong><\/p>\n<p>Cette politique de confidentialit\u00e9 peut \u00eatre modifi\u00e9e \u00e0 de temps \u00e0 autre afin de maintenir la conformit\u00e9 avec la loi et de tenir compte de tout changement \u00e0 notre processus de collecte de donn\u00e9es. Nous recommandons \u00e0 nos utilisateurs de v\u00e9rifier notre politique de confidentialit\u00e9 de temps \u00e0 autre pour s\u2019assurer qu\u2019ils soient inform\u00e9s de toute mise \u00e0 jour. Au besoin, nous pouvons informer les utilisateurs par courriel des changements apport\u00e9s \u00e0 cette politique.<\/p>\n<p><strong><u>Contact<\/u><\/strong><\/p>\n<p>Si vous avez des questions \u00e0 nous poser, n\u2019h\u00e9sitez pas \u00e0 communiquer avec nous en utilisant ce qui suit :<\/p>\n<\/div>\n<div>\n<p>(613) 421-4404<br \/>info@thestorytelleragency.ca<br \/>509 De Mazenod Ave, Ottawa, ON K1S 5P7, Canada<\/p>\n<p>&nbsp;<\/p>\n<\/div>\n<p><em>Date d\u2019entr\u00e9e en vigueur de la pr\u00e9sente politique\u00a0:\u00a0<\/em>le 28 janvier 2025<\/p>\n<div class=\"LDCopyright\">\n<p>\u00a92002-2025 LawDepot.ca\u00ae<\/p>\n<\/div>\n<\/div>\n<p>&nbsp;<\/p>\n\n<p><\/p>\n","protected":false},"excerpt":{"rendered":"<p>thestorytelleragency.caThe Storyteller Communications &amp; Marketing Type de site\u00a0: informatif \/ site d&rsquo;entreprise \u00a0 Le but de cette politique de confidentialit\u00e9 Le but de cette politique de confidentialit\u00e9 est d&rsquo;informer les utilisateurs de notre site des donn\u00e9es personnelles que nous recueillons ainsi que des informations suivantes, le cas \u00e9ch\u00e9ant : Les donn\u00e9es personnelles que nous recueillerons [&hellip;]<\/p>\n","protected":false},"author":1,"featured_media":0,"parent":0,"menu_order":0,"comment_status":"closed","ping_status":"closed","template":"","meta":{"_et_pb_use_builder":"","_et_pb_old_content":"","_et_gb_content_width":"","footnotes":""},"class_list":["post-237646","page","type-page","status-publish","hentry"],"yoast_head":"<!-- This site is optimized with the Yoast SEO plugin v27.2 - https:\/\/yoast.com\/product\/yoast-seo-wordpress\/ -->\n<title>Politique de confidentialit\u00e9 - The Storyteller<\/title>\n<meta name=\"robots\" content=\"index, follow, max-snippet:-1, max-image-preview:large, max-video-preview:-1\" \/>\n<link rel=\"canonical\" href=\"https:\/\/thestorytelleragency.ca\/fr\/politique-de-confidentialite\/\" \/>\n<meta property=\"og:locale\" content=\"fr_FR\" \/>\n<meta property=\"og:type\" content=\"article\" \/>\n<meta property=\"og:title\" content=\"Politique de confidentialit\u00e9 - The Storyteller\" \/>\n<meta property=\"og:description\" content=\"thestorytelleragency.caThe Storyteller Communications &amp; Marketing Type de site\u00a0: informatif \/ site d&rsquo;entreprise \u00a0 Le but de cette politique de confidentialit\u00e9 Le but de cette politique de confidentialit\u00e9 est d&rsquo;informer les utilisateurs de notre site des donn\u00e9es personnelles que nous recueillons ainsi que des informations suivantes, le cas \u00e9ch\u00e9ant : Les donn\u00e9es personnelles que nous recueillerons [&hellip;]\" \/>\n<meta property=\"og:url\" content=\"https:\/\/thestorytelleragency.ca\/fr\/politique-de-confidentialite\/\" \/>\n<meta property=\"og:site_name\" content=\"The Storyteller\" \/>\n<meta property=\"article:modified_time\" content=\"2025-01-31T11:54:06+00:00\" \/>\n<meta property=\"og:image\" content=\"https:\/\/thestorytelleragency.ca\/wp-content\/uploads\/2020\/10\/Storyteller_Logo-Horz-2018-web.jpg\" \/>\n\t<meta property=\"og:image:width\" content=\"1388\" \/>\n\t<meta property=\"og:image:height\" content=\"494\" \/>\n\t<meta property=\"og:image:type\" content=\"image\/jpeg\" \/>\n<meta name=\"twitter:card\" content=\"summary_large_image\" \/>\n<meta name=\"twitter:label1\" content=\"Dur\u00e9e de lecture estim\u00e9e\" \/>\n\t<meta name=\"twitter:data1\" content=\"7 minutes\" \/>\n<script type=\"application\/ld+json\" class=\"yoast-schema-graph\">{\"@context\":\"https:\/\/schema.org\",\"@graph\":[{\"@type\":\"WebPage\",\"@id\":\"https:\/\/thestorytelleragency.ca\/fr\/politique-de-confidentialite\/\",\"url\":\"https:\/\/thestorytelleragency.ca\/fr\/politique-de-confidentialite\/\",\"name\":\"Politique de confidentialit\u00e9 - The Storyteller\",\"isPartOf\":{\"@id\":\"https:\/\/thestorytelleragency.ca\/fr\/#website\"},\"datePublished\":\"2020-12-01T16:48:49+00:00\",\"dateModified\":\"2025-01-31T11:54:06+00:00\",\"breadcrumb\":{\"@id\":\"https:\/\/thestorytelleragency.ca\/fr\/politique-de-confidentialite\/#breadcrumb\"},\"inLanguage\":\"fr-FR\",\"potentialAction\":[{\"@type\":\"ReadAction\",\"target\":[\"https:\/\/thestorytelleragency.ca\/fr\/politique-de-confidentialite\/\"]}]},{\"@type\":\"BreadcrumbList\",\"@id\":\"https:\/\/thestorytelleragency.ca\/fr\/politique-de-confidentialite\/#breadcrumb\",\"itemListElement\":[{\"@type\":\"ListItem\",\"position\":1,\"name\":\"Home\",\"item\":\"https:\/\/thestorytelleragency.ca\/fr\/\"},{\"@type\":\"ListItem\",\"position\":2,\"name\":\"Politique de confidentialit\u00e9\"}]},{\"@type\":\"WebSite\",\"@id\":\"https:\/\/thestorytelleragency.ca\/fr\/#website\",\"url\":\"https:\/\/thestorytelleragency.ca\/fr\/\",\"name\":\"The Storyteller\",\"description\":\"Authentic Marketing Agency\",\"publisher\":{\"@id\":\"https:\/\/thestorytelleragency.ca\/fr\/#organization\"},\"potentialAction\":[{\"@type\":\"SearchAction\",\"target\":{\"@type\":\"EntryPoint\",\"urlTemplate\":\"https:\/\/thestorytelleragency.ca\/fr\/?s={search_term_string}\"},\"query-input\":{\"@type\":\"PropertyValueSpecification\",\"valueRequired\":true,\"valueName\":\"search_term_string\"}}],\"inLanguage\":\"fr-FR\"},{\"@type\":\"Organization\",\"@id\":\"https:\/\/thestorytelleragency.ca\/fr\/#organization\",\"name\":\"The Storyteller - Authentic Marketing Agency\",\"alternateName\":\"Authentic Marketing Agency\",\"url\":\"https:\/\/thestorytelleragency.ca\/fr\/\",\"logo\":{\"@type\":\"ImageObject\",\"inLanguage\":\"fr-FR\",\"@id\":\"https:\/\/thestorytelleragency.ca\/fr\/#\/schema\/logo\/image\/\",\"url\":\"https:\/\/thestorytelleragency.ca\/wp-content\/uploads\/2020\/10\/storyteller_favicon.jpg\",\"contentUrl\":\"https:\/\/thestorytelleragency.ca\/wp-content\/uploads\/2020\/10\/storyteller_favicon.jpg\",\"width\":494,\"height\":494,\"caption\":\"The Storyteller - Authentic Marketing Agency\"},\"image\":{\"@id\":\"https:\/\/thestorytelleragency.ca\/fr\/#\/schema\/logo\/image\/\"},\"sameAs\":[\"https:\/\/www.linkedin.com\/company\/thestorytelleragency\/\"]}]}<\/script>\n<!-- \/ Yoast SEO plugin. -->","yoast_head_json":{"title":"Politique de confidentialit\u00e9 - The Storyteller","robots":{"index":"index","follow":"follow","max-snippet":"max-snippet:-1","max-image-preview":"max-image-preview:large","max-video-preview":"max-video-preview:-1"},"canonical":"https:\/\/thestorytelleragency.ca\/fr\/politique-de-confidentialite\/","og_locale":"fr_FR","og_type":"article","og_title":"Politique de confidentialit\u00e9 - The Storyteller","og_description":"thestorytelleragency.caThe Storyteller Communications &amp; Marketing Type de site\u00a0: informatif \/ site d&rsquo;entreprise \u00a0 Le but de cette politique de confidentialit\u00e9 Le but de cette politique de confidentialit\u00e9 est d&rsquo;informer les utilisateurs de notre site des donn\u00e9es personnelles que nous recueillons ainsi que des informations suivantes, le cas \u00e9ch\u00e9ant : Les donn\u00e9es personnelles que nous recueillerons [&hellip;]","og_url":"https:\/\/thestorytelleragency.ca\/fr\/politique-de-confidentialite\/","og_site_name":"The Storyteller","article_modified_time":"2025-01-31T11:54:06+00:00","og_image":[{"width":1388,"height":494,"url":"https:\/\/thestorytelleragency.ca\/wp-content\/uploads\/2020\/10\/Storyteller_Logo-Horz-2018-web.jpg","type":"image\/jpeg"}],"twitter_card":"summary_large_image","twitter_misc":{"Dur\u00e9e de lecture estim\u00e9e":"7 minutes"},"schema":{"@context":"https:\/\/schema.org","@graph":[{"@type":"WebPage","@id":"https:\/\/thestorytelleragency.ca\/fr\/politique-de-confidentialite\/","url":"https:\/\/thestorytelleragency.ca\/fr\/politique-de-confidentialite\/","name":"Politique de confidentialit\u00e9 - The Storyteller","isPartOf":{"@id":"https:\/\/thestorytelleragency.ca\/fr\/#website"},"datePublished":"2020-12-01T16:48:49+00:00","dateModified":"2025-01-31T11:54:06+00:00","breadcrumb":{"@id":"https:\/\/thestorytelleragency.ca\/fr\/politique-de-confidentialite\/#breadcrumb"},"inLanguage":"fr-FR","potentialAction":[{"@type":"ReadAction","target":["https:\/\/thestorytelleragency.ca\/fr\/politique-de-confidentialite\/"]}]},{"@type":"BreadcrumbList","@id":"https:\/\/thestorytelleragency.ca\/fr\/politique-de-confidentialite\/#breadcrumb","itemListElement":[{"@type":"ListItem","position":1,"name":"Home","item":"https:\/\/thestorytelleragency.ca\/fr\/"},{"@type":"ListItem","position":2,"name":"Politique de confidentialit\u00e9"}]},{"@type":"WebSite","@id":"https:\/\/thestorytelleragency.ca\/fr\/#website","url":"https:\/\/thestorytelleragency.ca\/fr\/","name":"The Storyteller","description":"Authentic Marketing Agency","publisher":{"@id":"https:\/\/thestorytelleragency.ca\/fr\/#organization"},"potentialAction":[{"@type":"SearchAction","target":{"@type":"EntryPoint","urlTemplate":"https:\/\/thestorytelleragency.ca\/fr\/?s={search_term_string}"},"query-input":{"@type":"PropertyValueSpecification","valueRequired":true,"valueName":"search_term_string"}}],"inLanguage":"fr-FR"},{"@type":"Organization","@id":"https:\/\/thestorytelleragency.ca\/fr\/#organization","name":"The Storyteller - Authentic Marketing Agency","alternateName":"Authentic Marketing Agency","url":"https:\/\/thestorytelleragency.ca\/fr\/","logo":{"@type":"ImageObject","inLanguage":"fr-FR","@id":"https:\/\/thestorytelleragency.ca\/fr\/#\/schema\/logo\/image\/","url":"https:\/\/thestorytelleragency.ca\/wp-content\/uploads\/2020\/10\/storyteller_favicon.jpg","contentUrl":"https:\/\/thestorytelleragency.ca\/wp-content\/uploads\/2020\/10\/storyteller_favicon.jpg","width":494,"height":494,"caption":"The Storyteller - Authentic Marketing Agency"},"image":{"@id":"https:\/\/thestorytelleragency.ca\/fr\/#\/schema\/logo\/image\/"},"sameAs":["https:\/\/www.linkedin.com\/company\/thestorytelleragency\/"]}]}},"_links":{"self":[{"href":"https:\/\/thestorytelleragency.ca\/fr\/wp-json\/wp\/v2\/pages\/237646","targetHints":{"allow":["GET"]}}],"collection":[{"href":"https:\/\/thestorytelleragency.ca\/fr\/wp-json\/wp\/v2\/pages"}],"about":[{"href":"https:\/\/thestorytelleragency.ca\/fr\/wp-json\/wp\/v2\/types\/page"}],"author":[{"embeddable":true,"href":"https:\/\/thestorytelleragency.ca\/fr\/wp-json\/wp\/v2\/users\/1"}],"replies":[{"embeddable":true,"href":"https:\/\/thestorytelleragency.ca\/fr\/wp-json\/wp\/v2\/comments?post=237646"}],"version-history":[{"count":191,"href":"https:\/\/thestorytelleragency.ca\/fr\/wp-json\/wp\/v2\/pages\/237646\/revisions"}],"predecessor-version":[{"id":987583704,"href":"https:\/\/thestorytelleragency.ca\/fr\/wp-json\/wp\/v2\/pages\/237646\/revisions\/987583704"}],"wp:attachment":[{"href":"https:\/\/thestorytelleragency.ca\/fr\/wp-json\/wp\/v2\/media?parent=237646"}],"curies":[{"name":"wp","href":"https:\/\/api.w.org\/{rel}","templated":true}]}}